{"id":3100,"date":"2025-10-06T13:49:27","date_gmt":"2025-10-06T20:49:27","guid":{"rendered":"https:\/\/sonorarally.com\/?page_id=3100"},"modified":"2025-12-03T15:08:55","modified_gmt":"2025-12-03T23:08:55","slug":"road-to-dakar","status":"publish","type":"page","link":"https:\/\/sonorarally.com\/es\/road-to-dakar\/","title":{"rendered":"CAMINO A DAKAR"},"content":{"rendered":"<div data-elementor-type=\"wp-page\" data-elementor-id=\"3100\" class=\"elementor elementor-3100\" data-elementor-post-type=\"page\">\n\t\t\t\t\t\t<section class=\"elementor-section elementor-top-section elementor-element elementor-element-83fdd24 elementor-section-boxed elementor-section-height-default elementor-section-height-default\" data-id=\"83fdd24\" data-element_type=\"section\" data-e-type=\"section\">\n\t\t\t\t\t\t<div class=\"elementor-container elementor-column-gap-default\">\n\t\t\t\t\t<div class=\"elementor-column elementor-col-100 elementor-top-column elementor-element elementor-element-e3d9847\" data-id=\"e3d9847\" data-element_type=\"column\" data-e-type=\"column\">\n\t\t\t<div class=\"elementor-widget-wrap elementor-element-populated\">\n\t\t\t\t\t\t<div class=\"elementor-element elementor-element-9a09d49 elementor-widget elementor-widget-image\" data-id=\"9a09d49\" data-element_type=\"widget\" data-e-type=\"widget\" data-widget_type=\"image.default\">\n\t\t\t\t<div class=\"elementor-widget-container\">\n\t\t\t\t\t\t\t\t\t\t\t\t\t\t\t<img fetchpriority=\"high\" decoding=\"async\" width=\"800\" height=\"190\" src=\"https:\/\/sonorarally.com\/wp-content\/uploads\/2025\/10\/unnamed-1-1024x243.jpg\" class=\"attachment-large size-large wp-image-3091\" alt=\"\" srcset=\"https:\/\/sonorarally.com\/wp-content\/uploads\/2025\/10\/unnamed-1-1024x243.jpg 1024w, https:\/\/sonorarally.com\/wp-content\/uploads\/2025\/10\/unnamed-1-300x71.jpg 300w, https:\/\/sonorarally.com\/wp-content\/uploads\/2025\/10\/unnamed-1-768x182.jpg 768w, https:\/\/sonorarally.com\/wp-content\/uploads\/2025\/10\/unnamed-1-1536x364.jpg 1536w, https:\/\/sonorarally.com\/wp-content\/uploads\/2025\/10\/unnamed-1-2048x486.jpg 2048w, https:\/\/sonorarally.com\/wp-content\/uploads\/2025\/10\/unnamed-1-18x4.jpg 18w\" sizes=\"(max-width: 800px) 100vw, 800px\" \/>\t\t\t\t\t\t\t\t\t\t\t\t\t\t\t<\/div>\n\t\t\t\t<\/div>\n\t\t\t\t\t<\/div>\n\t\t<\/div>\n\t\t\t\t\t<\/div>\n\t\t<\/section>\n\t\t\t\t<section class=\"elementor-section elementor-top-section elementor-element elementor-element-2b89906 elementor-section-boxed elementor-section-height-default elementor-section-height-default\" data-id=\"2b89906\" data-element_type=\"section\" data-e-type=\"section\">\n\t\t\t\t\t\t<div class=\"elementor-container elementor-column-gap-default\">\n\t\t\t\t\t<div class=\"elementor-column elementor-col-100 elementor-top-column elementor-element elementor-element-c396a63\" data-id=\"c396a63\" data-element_type=\"column\" data-e-type=\"column\">\n\t\t\t<div class=\"elementor-widget-wrap elementor-element-populated\">\n\t\t\t\t\t\t<div class=\"elementor-element elementor-element-74fc45a elementor-widget elementor-widget-text-editor\" data-id=\"74fc45a\" data-element_type=\"widget\" data-e-type=\"widget\" data-widget_type=\"text-editor.default\">\n\t\t\t\t<div class=\"elementor-widget-container\">\n\t\t\t\t\t\t\t\t\t<div><p class=\"oneComWebmail-gmail-MsoNoSpacing\">El Sonora Rally es el \u00fanico evento del Camino al Dakar en Norteam\u00e9rica y, dado el calendario actual de rallies, Sonora es uno de los tres \u00fanicos eventos del Camino al Dakar en el mundo que cuenta con dunas, de cara al Dakar 2027, lo que ofrece a los competidores una oportunidad \u00fanica para entrenar y competir en un terreno que refleja los desaf\u00edos ic\u00f3nicos del Rally Dakar.<\/p><p class=\"oneComWebmail-gmail-MsoNoSpacing\"><strong>SSV: \u00a1Gana una inscripci\u00f3n GRATUITA para el Dakar 2027 valorada en m\u00e1s de $30.000!<\/strong><\/p><p class=\"oneComWebmail-gmail-MsoNoSpacing\"><strong>MOTO: Se otorgar\u00e1n seis puntos a esos competidores para su elegibilidad de cara al Dakar 2027.<\/strong><\/p><p class=\"oneComWebmail-gmail-MsoNoSpacing\">Para muchos, aqu\u00ed es donde comienza el sue\u00f1o.<\/p><\/div><div>Consulta las reglas oficiales aqu\u00ed: \u00a0<a href=\"https:\/\/competitors.dakar.com\/en\/road-to-dakar\" target=\"_blank\" rel=\"noopener\">REGLAS DEL CAMINO A DAKAR<\/a><\/div>\t\t\t\t\t\t\t\t<\/div>\n\t\t\t\t<\/div>\n\t\t\t\t\t<\/div>\n\t\t<\/div>\n\t\t\t\t\t<\/div>\n\t\t<\/section>\n\t\t\t\t<section class=\"elementor-section elementor-top-section elementor-element elementor-element-e59dd03 elementor-section-boxed elementor-section-height-default elementor-section-height-default\" data-id=\"e59dd03\" data-element_type=\"section\" data-e-type=\"section\">\n\t\t\t\t\t\t<div class=\"elementor-container elementor-column-gap-default\">\n\t\t\t\t\t<div class=\"elementor-column elementor-col-100 elementor-top-column elementor-element elementor-element-910e58d\" data-id=\"910e58d\" data-element_type=\"column\" data-e-type=\"column\">\n\t\t\t<div class=\"elementor-widget-wrap elementor-element-populated\">\n\t\t\t\t\t\t<div class=\"elementor-element elementor-element-9ad7cee elementor-widget elementor-widget-heading\" data-id=\"9ad7cee\" data-element_type=\"widget\" data-e-type=\"widget\" data-widget_type=\"heading.default\">\n\t\t\t\t<div class=\"elementor-widget-container\">\n\t\t\t\t\t<h2 class=\"elementor-heading-title elementor-size-default\">ELEGIBILIDAD<\/h2>\t\t\t\t<\/div>\n\t\t\t\t<\/div>\n\t\t\t\t\t<\/div>\n\t\t<\/div>\n\t\t\t\t\t<\/div>\n\t\t<\/section>\n\t\t\t\t<section class=\"elementor-section elementor-top-section elementor-element elementor-element-d3d0590 elementor-section-boxed elementor-section-height-default elementor-section-height-default\" data-id=\"d3d0590\" data-element_type=\"section\" data-e-type=\"section\">\n\t\t\t\t\t\t<div class=\"elementor-container elementor-column-gap-default\">\n\t\t\t\t\t<div class=\"elementor-column elementor-col-100 elementor-top-column elementor-element elementor-element-2905fff\" data-id=\"2905fff\" data-element_type=\"column\" data-e-type=\"column\">\n\t\t\t<div class=\"elementor-widget-wrap elementor-element-populated\">\n\t\t\t\t\t\t<div class=\"elementor-element elementor-element-7a39d80 elementor-widget elementor-widget-text-editor\" data-id=\"7a39d80\" data-element_type=\"widget\" data-e-type=\"widget\" data-widget_type=\"text-editor.default\">\n\t\t\t\t<div class=\"elementor-widget-container\">\n\t\t\t\t\t\t\t\t\t<p dir=\"ltr\">Los corredores ser\u00e1n elegibles para participar en la Ruta del Dakar si:<\/p><ul><li dir=\"ltr\">Participa en la carrera: Sonora Rally<\/li><li dir=\"ltr\">Tener una licencia de conducir que los cubra para la categor\u00eda a la que desean ingresar.<\/li><li dir=\"ltr\">Nunca he participado en el Dakar en ninguna categor\u00eda.<\/li><li dir=\"ltr\">Nunca haber sido clasificado entre los 10 primeros de un campeonato FIM en ninguna disciplina y en ninguna categor\u00eda de edad.<\/li><li dir=\"ltr\">Nunca he formado parte de la lista de prioridades de la FIA (Coche\/SSV)<\/li><li dir=\"ltr\">Nunca he sido parte de la lista Elite\/prioritaria de ASO (moto, autom\u00f3vil\/SSV o cami\u00f3n)<\/li><li dir=\"ltr\">Nunca he sido ganador del Road to Dakar en el pasado (solo el piloto est\u00e1 involucrado en la categor\u00eda de autos)<\/li><li dir=\"ltr\">El piloto\/conductor NO debe ser parte de un equipo oficial<br \/><br \/><em style=\"font-family: -apple-system, BlinkMacSystemFont, 'Segoe UI', Roboto, 'Helvetica Neue', Arial, 'Noto Sans', sans-serif, 'Apple Color Emoji', 'Segoe UI Emoji', 'Segoe UI Symbol', 'Noto Color Emoji';\"><strong>Al registrarse, los competidores confirman que cumplen estos criterios.<\/strong>a<\/em><\/li><\/ul>\t\t\t\t\t\t\t\t<\/div>\n\t\t\t\t<\/div>\n\t\t\t\t\t<\/div>\n\t\t<\/div>\n\t\t\t\t\t<\/div>\n\t\t<\/section>\n\t\t\t\t<\/div>","protected":false},"excerpt":{"rendered":"<p>Sonora Rally is the only Road to Dakar event in North America and given the current rally calendar, Sonora is one of only three Road to Dakar events in the world, featuring dunes, ahead of Dakar 2027\u2014offering competitors a rare opportunity to train and race in terrain that mirrors the iconic challenges of the Dakar [&hellip;]<\/p>\n","protected":false},"author":3,"featured_media":0,"parent":0,"menu_order":0,"comment_status":"closed","ping_status":"closed","template":"","meta":{"footnotes":""},"class_list":["post-3100","page","type-page","status-publish","hentry"],"_links":{"self":[{"href":"https:\/\/sonorarally.com\/es\/wp-json\/wp\/v2\/pages\/3100","targetHints":{"allow":["GET"]}}],"collection":[{"href":"https:\/\/sonorarally.com\/es\/wp-json\/wp\/v2\/pages"}],"about":[{"href":"https:\/\/sonorarally.com\/es\/wp-json\/wp\/v2\/types\/page"}],"author":[{"embeddable":true,"href":"https:\/\/sonorarally.com\/es\/wp-json\/wp\/v2\/users\/3"}],"replies":[{"embeddable":true,"href":"https:\/\/sonorarally.com\/es\/wp-json\/wp\/v2\/comments?post=3100"}],"version-history":[{"count":17,"href":"https:\/\/sonorarally.com\/es\/wp-json\/wp\/v2\/pages\/3100\/revisions"}],"predecessor-version":[{"id":3165,"href":"https:\/\/sonorarally.com\/es\/wp-json\/wp\/v2\/pages\/3100\/revisions\/3165"}],"wp:attachment":[{"href":"https:\/\/sonorarally.com\/es\/wp-json\/wp\/v2\/media?parent=3100"}],"curies":[{"name":"wp","href":"https:\/\/api.w.org\/{rel}","templated":true}]}}