{"id":2560,"date":"2024-04-11T13:42:41","date_gmt":"2024-04-11T20:42:41","guid":{"rendered":"https:\/\/sonorarally.com\/?page_id=2560"},"modified":"2025-12-04T10:03:25","modified_gmt":"2025-12-04T18:03:25","slug":"classes","status":"publish","type":"page","link":"https:\/\/sonorarally.com\/es\/classes\/","title":{"rendered":"CLASES"},"content":{"rendered":"<div data-elementor-type=\"wp-page\" data-elementor-id=\"2560\" class=\"elementor elementor-2560\" data-elementor-post-type=\"page\">\n\t\t\t\t\t\t<section class=\"elementor-section elementor-top-section elementor-element elementor-element-42babfc elementor-section-boxed elementor-section-height-default elementor-section-height-default\" data-id=\"42babfc\" data-element_type=\"section\" data-e-type=\"section\">\n\t\t\t\t\t\t<div class=\"elementor-container elementor-column-gap-default\">\n\t\t\t\t\t<div class=\"elementor-column elementor-col-100 elementor-top-column elementor-element elementor-element-bb281fa\" data-id=\"bb281fa\" data-element_type=\"column\" data-e-type=\"column\">\n\t\t\t<div class=\"elementor-widget-wrap elementor-element-populated\">\n\t\t\t\t\t\t<div class=\"elementor-element elementor-element-ad11857 elementor-widget elementor-widget-heading\" data-id=\"ad11857\" data-element_type=\"widget\" data-e-type=\"widget\" data-widget_type=\"heading.default\">\n\t\t\t\t<div class=\"elementor-widget-container\">\n\t\t\t\t\t<h2 class=\"elementor-heading-title elementor-size-default\">DESCRIPCIONES DE CLASES<\/h2>\t\t\t\t<\/div>\n\t\t\t\t<\/div>\n\t\t\t\t\t<\/div>\n\t\t<\/div>\n\t\t\t\t\t<\/div>\n\t\t<\/section>\n\t\t\t\t<section class=\"elementor-section elementor-top-section elementor-element elementor-element-cb69e02 elementor-section-boxed elementor-section-height-default elementor-section-height-default\" data-id=\"cb69e02\" data-element_type=\"section\" data-e-type=\"section\">\n\t\t\t\t\t\t<div class=\"elementor-container elementor-column-gap-default\">\n\t\t\t\t\t<div class=\"elementor-column elementor-col-100 elementor-top-column elementor-element elementor-element-370f3f9\" data-id=\"370f3f9\" data-element_type=\"column\" data-e-type=\"column\">\n\t\t\t<div class=\"elementor-widget-wrap elementor-element-populated\">\n\t\t\t\t\t\t<div class=\"elementor-element elementor-element-4c5653d elementor-widget elementor-widget-text-editor\" data-id=\"4c5653d\" data-element_type=\"widget\" data-e-type=\"widget\" data-widget_type=\"text-editor.default\">\n\t\t\t\t<div class=\"elementor-widget-container\">\n\t\t\t\t\t\t\t\t\t<p><strong>VEH\u00cdCULOS DE CUATRO RUEDAS<\/strong><\/p><p>No se permiten bolas de neum\u00e1ticos en las clases UTV\/Autom\u00f3viles<\/p><p class=\"cvGsUA direction-ltr align-start para-style-body\"><strong><span class=\"a_GcMg font-feature-liga-off font-feature-clig-off font-feature-calt-off text-decoration-none text-strikethrough-none\"><br \/>2WD<\/span><\/strong><\/p><ul><li><span class=\"a_GcMg font-feature-liga-off font-feature-clig-off font-feature-calt-off text-decoration-none text-strikethrough-none\">Veh\u00edculos 2WD que cumplen con las especificaciones SCORE, ULTRA-4 o American Rally Association<\/span><\/li><li><span class=\"a_GcMg font-feature-liga-off font-feature-clig-off font-feature-calt-off text-decoration-none text-strikethrough-none\">Neum\u00e1tico de 37\u201d m\u00e1ximo<\/span><\/li><li><span class=\"a_GcMg font-feature-liga-off font-feature-clig-off font-feature-calt-off text-decoration-none text-strikethrough-none\">Clase 1, Clase 10, Predator X-18, 1\/2 -1600 PreRunners, T1.2<\/span><\/li><li><span class=\"a_GcMg font-feature-liga-off font-feature-clig-off font-feature-calt-off text-decoration-none text-strikethrough-none\">Buggy o veh\u00edculo de producci\u00f3n<\/span><\/li><\/ul><p>\u00a0<\/p><p class=\"cvGsUA direction-ltr align-start para-style-body\"><strong><span class=\"a_GcMg font-feature-liga-off font-feature-clig-off font-feature-calt-off text-decoration-none text-strikethrough-none\">4x4<\/span><\/strong><\/p><ul><li><span class=\"a_GcMg font-feature-liga-off font-feature-clig-off font-feature-calt-off text-decoration-none text-strikethrough-none\">Veh\u00edculos 4x4 que cumplen con las especificaciones SCORE, ULTRA-4 o American Rally<\/span><\/li><li><span class=\"a_GcMg font-feature-liga-off font-feature-clig-off font-feature-calt-off text-decoration-none text-strikethrough-none\">Neum\u00e1tico de 37\u201d m\u00e1ximo<\/span><\/li><li><span class=\"a_GcMg font-feature-liga-off font-feature-clig-off font-feature-calt-off text-decoration-none text-strikethrough-none\">Clase 3, Clase 2, Stock completo, JeepSpeed,<\/span><\/li><li><span class=\"a_GcMg font-feature-liga-off font-feature-clig-off font-feature-calt-off text-decoration-none text-strikethrough-none\">T1..1, T1+<br \/><\/span><\/li><\/ul><p><strong>\u00a0<\/strong><\/p><p class=\"cvGsUA direction-ltr align-start para-style-body\"><strong><span class=\"a_GcMg font-feature-liga-off font-feature-clig-off font-feature-calt-off text-decoration-none text-strikethrough-none\">UTV DE SERIE<\/span><\/strong><\/p><ul><li><span class=\"a_GcMg font-feature-liga-off font-feature-clig-off font-feature-calt-off text-decoration-none text-strikethrough-none\">Componentes de suspensi\u00f3n, mu\u00f1ones, frenos y direcci\u00f3n de serie<\/span><\/li><li><span class=\"a_GcMg font-feature-liga-off font-feature-clig-off font-feature-calt-off text-decoration-none text-strikethrough-none\">Las barras estabilizadoras y de resorte est\u00e1n abiertas<\/span><\/li><li><span class=\"a_GcMg font-feature-liga-off font-feature-clig-off font-feature-calt-off text-decoration-none text-strikethrough-none\">Motor de serie (tanto el de aspiraci\u00f3n natural como el turbo funcionan juntos)<\/span><\/li><li><span class=\"a_GcMg font-feature-liga-off font-feature-clig-off font-feature-calt-off text-decoration-none text-strikethrough-none\">Se permiten modificaciones por motivos de seguridad.<\/span><\/li><li><span class=\"a_GcMg font-feature-liga-off font-feature-clig-off font-feature-calt-off text-decoration-none text-strikethrough-none\">Tama\u00f1o m\u00e1ximo de neum\u00e1tico de 33\u2033<\/span><\/li><\/ul><p><strong>\u00a0<\/strong><\/p><p class=\"cvGsUA direction-ltr align-start para-style-body\"><strong><span class=\"a_GcMg font-feature-liga-off font-feature-clig-off font-feature-calt-off text-decoration-none text-strikethrough-none\">UTV MODIFICADO<\/span><\/strong><\/p><ul><li><span class=\"a_GcMg font-feature-liga-off font-feature-clig-off font-feature-calt-off text-decoration-none text-strikethrough-none\">Dos subclases Turbo y No Turbo<\/span><\/li><li><span class=\"a_GcMg font-feature-liga-off font-feature-clig-off font-feature-calt-off text-decoration-none text-strikethrough-none\">Neum\u00e1tico de 33\u201d m\u00e1ximo<\/span><\/li><li><span class=\"a_GcMg font-feature-liga-off font-feature-clig-off font-feature-calt-off text-decoration-none text-strikethrough-none\">Puntos de pivote de stock y ubicaci\u00f3n del motor<\/span><\/li><li><span class=\"a_GcMg font-feature-liga-off font-feature-clig-off font-feature-calt-off text-decoration-none text-strikethrough-none\">Se permiten suspensiones de posventa y piezas de repuesto atornilladas<\/span><\/li><\/ul><p>\u00a0<\/p><p class=\"cvGsUA direction-ltr align-start para-style-body\"><strong><span class=\"a_GcMg font-feature-liga-off font-feature-clig-off font-feature-calt-off text-decoration-none text-strikethrough-none\">UTV ILIMITADO<\/span><\/strong><\/p><ul><li><span class=\"a_GcMg font-feature-liga-off font-feature-clig-off font-feature-calt-off text-decoration-none text-strikethrough-none\">Neum\u00e1ticos de 35\u201d<\/span><\/li><li><span class=\"a_GcMg font-feature-liga-off font-feature-clig-off font-feature-calt-off text-decoration-none text-strikethrough-none\">Los prototipos de veh\u00edculos UTV no est\u00e1n disponibles para el p\u00fablico.<\/span><\/li><\/ul><p>\u00a0<\/p><p class=\"cvGsUA direction-ltr align-start para-style-body\"><strong><span class=\"a_GcMg font-feature-liga-off font-feature-clig-off font-feature-calt-off text-decoration-none text-strikethrough-none\">MOTO DE ENDURO<\/span><\/strong><\/p><ul><li><span class=\"a_GcMg font-feature-liga-off font-feature-clig-off font-feature-calt-off text-decoration-none text-strikethrough-none\">Abierto a todas las motos que cumplan las especificaciones del cat\u00e1logo oficial del fabricante con una cilindrada m\u00e1xima de 525cc.<\/span><\/li><li><span class=\"a_GcMg font-feature-liga-off font-feature-clig-off font-feature-calt-off text-decoration-none text-strikethrough-none\">Aunque est\u00e1 abierta a todos los niveles de pilotos, esta clase fue creada para brindarles a los aficionados y a los entusiastas primerizos de los rally raids norteamericanos una entrada al rally utilizando motocicletas est\u00e1ndar\/ligeramente modificadas que est\u00e1n f\u00e1cilmente disponibles.<\/span><\/li><\/ul><p>\u00a0<\/p><p class=\"cvGsUA direction-ltr align-start para-style-body\"><strong><span class=\"a_GcMg font-feature-liga-off font-feature-clig-off font-feature-calt-off text-decoration-none text-strikethrough-none\">MOTO THUMPER<\/span><\/strong><\/p><ul><li><span class=\"a_GcMg font-feature-liga-off font-feature-clig-off font-feature-calt-off text-decoration-none text-strikethrough-none\">Abierto a motos de m\u00e1s de 525cc espec\u00edficamente dirigidas a la nueva generaci\u00f3n de motos de aventura (KTM 790, Yamaha Tenere, 701 Enduro, KOVE 800)<\/span><\/li><\/ul><p>\u00a0<\/p><p class=\"cvGsUA direction-ltr align-start para-style-body\"><strong><span class=\"a_GcMg font-feature-liga-off font-feature-clig-off font-feature-calt-off text-decoration-none text-strikethrough-none\">MOTO PROFESIONAL<\/span><\/strong><\/p><ul><li><span class=\"a_GcMg font-feature-liga-off font-feature-clig-off font-feature-calt-off text-decoration-none text-strikethrough-none\">Cilindrada limitada a 450 cc.<\/span><\/li><li><span class=\"a_GcMg font-feature-liga-off font-feature-clig-off font-feature-calt-off text-decoration-none text-strikethrough-none\">Motos construidas seg\u00fan especificaciones FIM\/Dakar<\/span><\/li><\/ul><p>\u00a0<\/p><p><strong>CU\u00c1DRICEPS<\/strong><\/p>\t\t\t\t\t\t\t\t<\/div>\n\t\t\t\t<\/div>\n\t\t\t\t\t<\/div>\n\t\t<\/div>\n\t\t\t\t\t<\/div>\n\t\t<\/section>\n\t\t\t\t<\/div>","protected":false},"excerpt":{"rendered":"<p>CLASS DESCRIPTIONS FOUR WHEEL VEHICLES No tire balls to be used in UTV\/Car Classes 2WD 2WD vehicles that meet SCORE, ULTRA-4 or American Rally Association Specs 37\u201d tire maximum Class 1, Class 10, Predator X-18, 1\/2 -1600 PreRunners, T1.2 Buggy or production-based vehicle \u00a0 4WD 4WD vehicles that meet SCORE, ULTRA-4 or American Rally specs [&hellip;]<\/p>\n","protected":false},"author":3,"featured_media":0,"parent":0,"menu_order":0,"comment_status":"closed","ping_status":"closed","template":"","meta":{"footnotes":""},"class_list":["post-2560","page","type-page","status-publish","hentry"],"_links":{"self":[{"href":"https:\/\/sonorarally.com\/es\/wp-json\/wp\/v2\/pages\/2560","targetHints":{"allow":["GET"]}}],"collection":[{"href":"https:\/\/sonorarally.com\/es\/wp-json\/wp\/v2\/pages"}],"about":[{"href":"https:\/\/sonorarally.com\/es\/wp-json\/wp\/v2\/types\/page"}],"author":[{"embeddable":true,"href":"https:\/\/sonorarally.com\/es\/wp-json\/wp\/v2\/users\/3"}],"replies":[{"embeddable":true,"href":"https:\/\/sonorarally.com\/es\/wp-json\/wp\/v2\/comments?post=2560"}],"version-history":[{"count":53,"href":"https:\/\/sonorarally.com\/es\/wp-json\/wp\/v2\/pages\/2560\/revisions"}],"predecessor-version":[{"id":3181,"href":"https:\/\/sonorarally.com\/es\/wp-json\/wp\/v2\/pages\/2560\/revisions\/3181"}],"wp:attachment":[{"href":"https:\/\/sonorarally.com\/es\/wp-json\/wp\/v2\/media?parent=2560"}],"curies":[{"name":"wp","href":"https:\/\/api.w.org\/{rel}","templated":true}]}}