{"id":1378,"date":"2022-01-13T16:41:36","date_gmt":"2022-01-14T00:41:36","guid":{"rendered":"https:\/\/sonorarally.com\/?page_id=1378"},"modified":"2025-09-22T21:50:17","modified_gmt":"2025-09-23T04:50:17","slug":"rally-navigation-school","status":"publish","type":"page","link":"https:\/\/sonorarally.com\/es\/rally-navigation-school\/","title":{"rendered":"ESCUELA DE NAVEGACI\u00d3N RALLY SONORA"},"content":{"rendered":"<div data-elementor-type=\"wp-page\" data-elementor-id=\"1378\" class=\"elementor elementor-1378\" data-elementor-post-type=\"page\">\n\t\t\t\t\t\t<section class=\"elementor-section elementor-top-section elementor-element elementor-element-7684db8 elementor-section-boxed elementor-section-height-default elementor-section-height-default\" data-id=\"7684db8\" data-element_type=\"section\" data-e-type=\"section\">\n\t\t\t\t\t\t<div class=\"elementor-container elementor-column-gap-default\">\n\t\t\t\t\t<div class=\"elementor-column elementor-col-100 elementor-top-column elementor-element elementor-element-0496068\" data-id=\"0496068\" data-element_type=\"column\" data-e-type=\"column\">\n\t\t\t<div class=\"elementor-widget-wrap elementor-element-populated\">\n\t\t\t\t\t\t<div class=\"elementor-element elementor-element-0def932 elementor-widget elementor-widget-heading\" data-id=\"0def932\" data-element_type=\"widget\" data-e-type=\"widget\" data-widget_type=\"heading.default\">\n\t\t\t\t<div class=\"elementor-widget-container\">\n\t\t\t\t\t<h2 class=\"elementor-heading-title elementor-size-default\">ESCUELAS DE NAVEGACI\u00d3N DEL RALLY SONORA <\/h2>\t\t\t\t<\/div>\n\t\t\t\t<\/div>\n\t\t\t\t<div class=\"elementor-element elementor-element-83c873b elementor-widget elementor-widget-text-editor\" data-id=\"83c873b\" data-element_type=\"widget\" data-e-type=\"widget\" data-widget_type=\"text-editor.default\">\n\t\t\t\t<div class=\"elementor-widget-container\">\n\t\t\t\t\t\t\t\t\t<h5>California, Estados Unidos<br \/>25 y 26 de octubre de 2025<\/h5><h5>Sonora, M\u00e9xico<br \/>6-7 de diciembre de 2025 \/ 14-15 de febrero de 2026<\/h5>\t\t\t\t\t\t\t\t<\/div>\n\t\t\t\t<\/div>\n\t\t\t\t\t<\/div>\n\t\t<\/div>\n\t\t\t\t\t<\/div>\n\t\t<\/section>\n\t\t\t\t<section class=\"elementor-section elementor-top-section elementor-element elementor-element-6537206 elementor-section-boxed elementor-section-height-default elementor-section-height-default\" data-id=\"6537206\" data-element_type=\"section\" data-e-type=\"section\">\n\t\t\t\t\t\t<div class=\"elementor-container elementor-column-gap-default\">\n\t\t\t\t\t<div class=\"elementor-column elementor-col-100 elementor-top-column elementor-element elementor-element-33cd243\" data-id=\"33cd243\" data-element_type=\"column\" data-e-type=\"column\">\n\t\t\t<div class=\"elementor-widget-wrap elementor-element-populated\">\n\t\t\t\t\t\t<div class=\"elementor-element elementor-element-22b6243 elementor-widget elementor-widget-text-editor\" data-id=\"22b6243\" data-element_type=\"widget\" data-e-type=\"widget\" data-widget_type=\"text-editor.default\">\n\t\t\t\t<div class=\"elementor-widget-container\">\n\t\t\t\t\t\t\t\t\t<p><b><span style=\"color: #ff0000; font-size: large;\">LIMITADO A 20 VEH\u00cdCULOS POR SESI\u00d3N\u00a0<\/span><\/b><\/p><p>Por m\u00e1s de 10 a\u00f1os Sonora Rally Schools ha sido el campo de entrenamiento de rally para campeones mundiales como Sara Price, Ricky Brabec, Skyler Howes, Mason Klein, Daniel Gonz\u00e1lez Reina, Jorge Hern\u00e1ndez Calva, H\u00e9ctor Guerrero y muchos m\u00e1s.<\/p><p><em><strong>Ya sea que sea su primera vez o un veterano que busca perfeccionar sus habilidades de navegaci\u00f3n para un pr\u00f3ximo rally... \u00a1SONORA ES EL LUGAR PARA COMENZAR!\u00a0<\/strong><\/em><\/p><p>Estos programas educativos son clave para preparar a los competidores para los desaf\u00edos \u00fanicos del rally raid internacional. Para quienes est\u00e9n listos para emprender su propio camino o perfeccionar sus habilidades antes de marzo, la organizaci\u00f3n confirma tres pr\u00f3ximas oportunidades de entrenamiento. Dos de ellas se desarrollar\u00e1n en las legendarias dunas de San Luis R\u00edo Colorado, Sonora, y la reci\u00e9n a\u00f1adida Johnson Valley, California, en colaboraci\u00f3n con The Ranch en Johnson Valley, CA.\u00a0<\/p><ul><li>CALIFORNIA: 25 y 26 de octubre de 2025<\/li><li>SAN LUIS: 6 y 7 de diciembre de 2025<\/li><li>SAN LUIS: 14 y 15 de febrero de 2026<\/li><\/ul><div>\u00a0<\/div><div>Estas escuelas ofrecen la \u00fanica oportunidad de entrenar directamente con la fuente, donde los pilotos y motociclistas aprenden a dominar los roadbooks en un ambiente de aula y luego aplican esas habilidades de inmediato en la vasta extensi\u00f3n del Gran Desierto de Altar o en el diverso paisaje del desierto de California. Si bien hay m\u00e1s de una manera de alcanzar tus sue\u00f1os, el Rally Sonora te brinda el mapa y el entrenamiento para sobrevivir a tu Viaje del H\u00e9roe. Al terminar una temporada, los preparativos para la siguiente ya est\u00e1n en marcha.<\/div><div>\u00a0<\/div><div>La escuela de navegaci\u00f3n del Sonora Rally combinar\u00e1 formaci\u00f3n te\u00f3rica con ejercicios pr\u00e1cticos de roadbooks en el cercano desierto y las dunas de Altar. Los roadbooks ser\u00e1n dise\u00f1ados por la organizaci\u00f3n del Sonora Rally y la instrucci\u00f3n estar\u00e1 a cargo del dos veces ganador de la categor\u00eda Dakar y organizador del Sonora Rally, Darren Skilton, y del director de OPS del Sonora Rally, Rodo Fern\u00e1ndez.<\/div><div>\u00a0<\/div><div><p><strong>TEMAS CUBIERTOS:<\/strong><\/p><ul><li>Conceptos b\u00e1sicos del libro de ruta<\/li><li>Navegaci\u00f3n HP<\/li><li>Trucos para el Dakar y consejos para carreras en las dunas<\/li><li>Protocolo de manifestaci\u00f3n<\/li><li>Instrucciones de instalaci\u00f3n y uso de Rally Comp<p><strong><br \/>COSTO: $725 POR PERSONA<\/strong><\/p><p><strong>INCLUYE: Dos mini libros de ruta de etapa, instrucci\u00f3n en el aula, entrenamiento pr\u00e1ctico en dunas, uso del dispositivo Rally Comp, camiseta del Rally Sonora, solo en San Luis: desayuno diario, cena de fiesta los s\u00e1bados.<\/strong><\/p><p>NO INCLUYE: Hotel, Comida, Snacks, Agua, Veh\u00edculo o Bicicleta para correr etapas equipadas con od\u00f3metro de rally, Combustible, Seguro de M\u00e9xico\u00a0<\/p><p><strong><em>NOTA*: Los veh\u00edculos 4\u00d74 deben ser legales para circular en la calle y tener neum\u00e1ticos de al menos 31 pulgadas.<\/em><\/strong><\/p><p><b>LIMITADO A 20 VEH\u00cdCULOS POR SESI\u00d3N\u00a0<\/b><\/p><p><a href=\"mailto:erinlee@sonorarally.com\" target=\"_blank\" rel=\"noopener\">Preguntas erinlee@sonorarally.<wbr \/>con<\/a><\/p><p><strong>REG\u00cdSTRATE AQU\u00cd:<\/strong><br \/><a href=\"https:\/\/forms.gle\/uc3T3kr9PVPMFrZL8\" target=\"_blank\" rel=\"noopener\">CALIFORNIA<\/a><br \/><a href=\"https:\/\/forms.gle\/SSWh1NdS9YpUiDfN7\" target=\"_blank\" rel=\"noopener\">SAN LUIS<\/a><\/p><\/li><\/ul><div>\u00a0<\/div><div>\u00a0<\/div><\/div>\t\t\t\t\t\t\t\t<\/div>\n\t\t\t\t<\/div>\n\t\t\t\t\t<\/div>\n\t\t<\/div>\n\t\t\t\t\t<\/div>\n\t\t<\/section>\n\t\t\t\t<\/div>","protected":false},"excerpt":{"rendered":"<p>SONORA RALLY NAVIGATION SCHOOLS California, USAOctober 25-26, 2025 Sonora, M\u00e9xicoDecember 6-7, 2025 \/ February 14-15, 2026 LIMITED TO 20 VEHICLES PER SESSION\u00a0 For over 10 years Sonora Rally\u00a0Schools\u00a0have been the rally training ground for world champions including Sara Price, Ricky Brabec, Skyler Howes, Mason Klein,\u00a0Daniel Gonz\u00e1lez Reina, Jorge Hern\u00e1ndez Calva,\u00a0Hector Guerrero\u00a0and many more. Whether you [&hellip;]<\/p>\n","protected":false},"author":1,"featured_media":0,"parent":0,"menu_order":0,"comment_status":"closed","ping_status":"closed","template":"elementor_header_footer","meta":{"footnotes":""},"class_list":["post-1378","page","type-page","status-publish","hentry"],"_links":{"self":[{"href":"https:\/\/sonorarally.com\/es\/wp-json\/wp\/v2\/pages\/1378","targetHints":{"allow":["GET"]}}],"collection":[{"href":"https:\/\/sonorarally.com\/es\/wp-json\/wp\/v2\/pages"}],"about":[{"href":"https:\/\/sonorarally.com\/es\/wp-json\/wp\/v2\/types\/page"}],"author":[{"embeddable":true,"href":"https:\/\/sonorarally.com\/es\/wp-json\/wp\/v2\/users\/1"}],"replies":[{"embeddable":true,"href":"https:\/\/sonorarally.com\/es\/wp-json\/wp\/v2\/comments?post=1378"}],"version-history":[{"count":64,"href":"https:\/\/sonorarally.com\/es\/wp-json\/wp\/v2\/pages\/1378\/revisions"}],"predecessor-version":[{"id":3075,"href":"https:\/\/sonorarally.com\/es\/wp-json\/wp\/v2\/pages\/1378\/revisions\/3075"}],"wp:attachment":[{"href":"https:\/\/sonorarally.com\/es\/wp-json\/wp\/v2\/media?parent=1378"}],"curies":[{"name":"wp","href":"https:\/\/api.w.org\/{rel}","templated":true}]}}