{"id":1028,"date":"2020-03-11T22:13:20","date_gmt":"2020-03-11T22:13:20","guid":{"rendered":"https:\/\/sonorarally.com\/?page_id=1028"},"modified":"2025-02-19T09:24:54","modified_gmt":"2025-02-19T17:24:54","slug":"history-of-sonora","status":"publish","type":"page","link":"https:\/\/sonorarally.com\/es\/history-of-sonora\/","title":{"rendered":"Historia de Sonora"},"content":{"rendered":"<div data-elementor-type=\"wp-page\" data-elementor-id=\"1028\" class=\"elementor elementor-1028\" data-elementor-post-type=\"page\">\n\t\t\t\t\t\t<section class=\"elementor-section elementor-top-section elementor-element elementor-element-7f7c7687 elementor-section-boxed elementor-section-height-default elementor-section-height-default\" data-id=\"7f7c7687\" data-element_type=\"section\" data-e-type=\"section\">\n\t\t\t\t\t\t<div class=\"elementor-container elementor-column-gap-default\">\n\t\t\t\t\t<div class=\"elementor-column elementor-col-100 elementor-top-column elementor-element elementor-element-7198f777\" data-id=\"7198f777\" data-element_type=\"column\" data-e-type=\"column\">\n\t\t\t<div class=\"elementor-widget-wrap elementor-element-populated\">\n\t\t\t\t\t\t<div class=\"elementor-element elementor-element-7a271ae9 elementor-widget elementor-widget-text-editor\" data-id=\"7a271ae9\" data-element_type=\"widget\" data-e-type=\"widget\" data-widget_type=\"text-editor.default\">\n\t\t\t\t<div class=\"elementor-widget-container\">\n\t\t\t\t\t\t\t\t\t<p>LA HISTORIA DE SONORA<\/p>\t\t\t\t\t\t\t\t<\/div>\n\t\t\t\t<\/div>\n\t\t\t\t\t<\/div>\n\t\t<\/div>\n\t\t\t\t\t<\/div>\n\t\t<\/section>\n\t\t\t\t<section class=\"elementor-section elementor-top-section elementor-element elementor-element-19a04661 elementor-section-boxed elementor-section-height-default elementor-section-height-default\" data-id=\"19a04661\" data-element_type=\"section\" data-e-type=\"section\">\n\t\t\t\t\t\t<div class=\"elementor-container elementor-column-gap-default\">\n\t\t\t\t\t<div class=\"elementor-column elementor-col-100 elementor-top-column elementor-element elementor-element-50d3eb7\" data-id=\"50d3eb7\" data-element_type=\"column\" data-e-type=\"column\">\n\t\t\t<div class=\"elementor-widget-wrap elementor-element-populated\">\n\t\t\t\t\t\t<div class=\"elementor-element elementor-element-27afbe32 sonora-history elementor-widget elementor-widget-text-editor\" data-id=\"27afbe32\" data-element_type=\"widget\" data-e-type=\"widget\" data-widget_type=\"text-editor.default\">\n\t\t\t\t<div class=\"elementor-widget-container\">\n\t\t\t\t\t\t\t\t\t<p>Sonora, el segundo estado m\u00e1s grande de M\u00e9xico, est\u00e1 escasamente poblado. Monta\u00f1osa y \u00e1rida, la regi\u00f3n goza de sol casi todo el a\u00f1o y presenta escasas precipitaciones. Casi todo el cobre de M\u00e9xico se produce aqu\u00ed. Culturalmente, Sonora ofrece una mezcla \u00fanica. Sociedades antiguas, como los yaquis, los mayos y los cucap\u00e1s, siguen activas en el estado. Limita con Arizona y Nuevo M\u00e9xico, Sonora tambi\u00e9n est\u00e1 influenciada por las tendencias y modas estadounidenses.<\/p><p><strong>Historia temprana<\/strong><br \/>Aunque la evidencia arquitect\u00f3nica sugiere que Sonora contaba con asentamientos permanentes desde el a\u00f1o 1500 a. C., los grupos ind\u00edgenas m\u00e1s numerosos conocidos fueron los yaquis y los mayos, que prosperaron alrededor del a\u00f1o 1300 d. C. y establecieron comunidades agr\u00edcolas. Ambos grupos eran territoriales y defend\u00edan con agresividad sus comunidades contra las tribus n\u00f3madas que vagaban por la regi\u00f3n. Los yaquis habitaban la zona oriental de Sonora, cerca de Mar de Cort\u00e9s, y los mayos viv\u00edan principalmente en la zona sur del estado y establecieron un importante centro cultural en lo que hoy es la ciudad de Guaymas.<\/p><p><strong>Historia Media <\/strong><br \/>En 1531, el conquistador espa\u00f1ol Nu\u00f1o Beltr\u00e1n de Guzm\u00e1n fund\u00f3 la ciudad de San Miguel de Culiac\u00e1n en la regi\u00f3n que eventualmente se convertir\u00eda en <a href=\"https:\/\/www.history.com\/topics\/mexico\/sinaloa\" target=\"_blank\" rel=\"noopener\">Sinaloa<\/a> y Sonora. Utilizando la ciudad como base central, los espa\u00f1oles lanzaron expediciones por toda la zona para localizar yacimientos minerales y establecer nuevas colonias.<\/p><p>El conquistador Diego Guzm\u00e1n entr\u00f3 en lo que hoy es Sonora en 1533. Al encontrar resistencia de las fuerzas combinadas yaquis y mayos, abandon\u00f3 r\u00e1pidamente la regi\u00f3n. En 1536, el explorador espa\u00f1ol \u00c1lvar N\u00fa\u00f1ez Cabeza de Vaca y tres compa\u00f1eros recorrieron la regi\u00f3n a pie en busca de nuevas riquezas para Espa\u00f1a.<\/p><p>En 1599, el capit\u00e1n Diego de Hurdaide fund\u00f3 San Felipe y Santiago en el sitio de la actual ciudad de Sinaloa y emprendi\u00f3 una campa\u00f1a militar que subyug\u00f3 a numerosas tribus ind\u00edgenas, como los sinaloas, tehuecos, zuaques y ahomes. Los sacerdotes jesuitas que llegaron durante el siglo siguiente convirtieron a gran parte de la poblaci\u00f3n ind\u00edgena al catolicismo romano y a la cultura espa\u00f1ola. Sin embargo, los enfrentamientos entre los espa\u00f1oles y los yaqu\u00edes y otras tribus continuaron durante todo el siglo XVII.<\/p><p><strong>Historia reciente<\/strong><br \/>A principios del siglo XIX, Sonora apoy\u00f3 con entusiasmo el movimiento independentista de M\u00e9xico, aunque muchos terratenientes estaban m\u00e1s preocupados por proteger sus tierras de los ind\u00edgenas locales. El territorio que se convertir\u00eda en Sonora y Sinaloa se incorpor\u00f3 a la independencia. <a href=\"https:\/\/www.history.com\/topics\/mexico\" target=\"_blank\" rel=\"noopener\">M\u00e9xico<\/a> como un solo estado constituyente, Sonora y Sinaloa, bajo la <a href=\"https:\/\/www.history.com\/topics\/constitution\" target=\"_blank\" rel=\"noopener\">Constituci\u00f3n<\/a> de 1824. En septiembre de 1830, ese estado se dividi\u00f3 y se convirti\u00f3 en los actuales Sonora y Sinaloa. La pol\u00edtica mexicana se volvi\u00f3 ca\u00f3tica a finales del siglo XIX, y Sonora qued\u00f3 atrapada en el medio durante un tiempo. La inestabilidad pol\u00edtica y las pol\u00edticas expansionistas estadounidenses llevaron a la guerra entre ambos pa\u00edses en 1846; Sonora fue ocupada por tropas extranjeras en 1847. El Tratado de <a href=\"https:\/\/www.history.com\/topics\/mexico\/hidalgo\" target=\"_blank\" rel=\"noopener\">Hidalgo<\/a> puso fin a la guerra entre M\u00e9xico y Estados Unidos en 1848, y Sonora volvi\u00f3 a ser un estado libre.<\/p><p>A finales del siglo XIX, los ind\u00edgenas yaquis y mayos de Sonora comenzaron a protestar contra el maltrato y la marginaci\u00f3n del gobierno, exigiendo autonom\u00eda e igualdad de derechos. Irritado por sus demandas, el presidente Porfirio D\u00edaz inici\u00f3 una guerra contra estos grupos, asesinando a miles y deportando a muchos otros. Los pocos yaquis que quedaban en la regi\u00f3n fueron protegidos por los hacendados.<\/p><p>Cuando el <a href=\"https:\/\/www.history.com\/topics\/mexican-revolution\" target=\"_blank\" rel=\"noopener\">Revoluci\u00f3n Mexicana<\/a> En noviembre de 1910, muchos sonorenses, incluidos los yaquis y mayos que quedaban, se alzaron contra el dictador D\u00edaz y contribuyeron a su derrocamiento. Tras su derrota, muchos ind\u00edgenas desplazados regresaron a Sonora.<\/p><h2>Sonora hoy<\/h2><p>Sonora cuenta con una econom\u00eda diversificada, con numerosas maquiladoras (plantas de ensamblaje) para la producci\u00f3n de bienes que sustentan a empresas como Ford y Sara Lee. Otras fabrican electrodom\u00e9sticos, circuitos de computadora y aspiradoras para los mercados nacionales e internacionales.<\/p><p>Las empresas de servicios generales y las actividades comerciales representan en conjunto alrededor del 19% de la econom\u00eda de Sonora, seguidas de la manufactura con el 18%, las finanzas y los seguros con el 15%, la agricultura y la ganader\u00eda con el 15%, el transporte y las comunicaciones con el 9%, la construcci\u00f3n con el 3% y la miner\u00eda con el 2%. Dado que su econom\u00eda se basa principalmente en la ganader\u00eda y la agricultura, Sonora cuenta con extensas zonas des\u00e9rticas despobladas.<\/p><p>El sistema educativo de Sonora, uno de los m\u00e1s respetados de M\u00e9xico, incluye la Universidad de Sonora, la Universidad La Salle, la Universidad del Noreste y el Instituto Tecnol\u00f3gico de Sonora.<\/p><p>La extensa industria tur\u00edstica de Sonora se dirige principalmente a los estadounidenses que viven en <a href=\"https:\/\/www.history.com\/topics\/us-states\/california\" target=\"_blank\" rel=\"noopener\">California<\/a>, <a href=\"https:\/\/www.history.com\/topics\/us-states\/new-mexico\" target=\"_blank\" rel=\"noopener\">Nuevo M\u00e9jico<\/a> y <a href=\"https:\/\/www.history.com\/topics\/us-states\/arizona\" target=\"_blank\" rel=\"noopener\">Arizona<\/a> Tambi\u00e9n atiende a mexicanos. El ecoturismo y el turismo de aventura gozan de una fuerte promoci\u00f3n en Sonora. Entre las actividades m\u00e1s populares se encuentran el ciclismo de monta\u00f1a, la equitaci\u00f3n, el buceo, la pesca y el camping.<\/p><h2>Datos y cifras<\/h2><ul><li><strong>Capital: <\/strong>Hermosillo<\/li><li><strong>Tama\u00f1o\/\u00c1rea: <\/strong>70.290 millas cuadradas<\/li><li><strong>A\u00f1o de la condici\u00f3n de Estado: <\/strong>1830<\/li><\/ul><h2>Datos curiosos<\/h2><ul><li>La mitad superior del escudo de armas de Sonora est\u00e1 dividida en tres tri\u00e1ngulos. El tri\u00e1ngulo central representa a un miembro de la tribu yaqui interpretando la Danza del Venado, una danza tradicional que celebra la relaci\u00f3n del hombre con la naturaleza. El tri\u00e1ngulo de la izquierda representa la industria minera del estado y el de la derecha, su agricultura. La mitad inferior est\u00e1 dividida en dos cuadrados. En uno hay un novillo y en el otro un pez, que simbolizan la pr\u00f3spera ganader\u00eda del estado.<\/li><\/ul><ul><li>El nombre del estado puede provenir de la palabra Opata <em>sonotl<\/em>, significado <em>hoja de ma\u00edz<\/em>. Una leyenda cuenta que grupos ind\u00edgenas viv\u00edan cerca del pueblo de Hu\u00e9pac y utilizaban hojas de ma\u00edz para cubrir las paredes y techos de sus chozas.<\/li><\/ul><ul><li>Sonora, uno de los estados m\u00e1s calurosos de M\u00e9xico, alcanza con frecuencia temperaturas superiores a los 40\u00b0 C (104\u00b0 F).<\/li><\/ul><ul><li>Un poco m\u00e1s grande que Dakota del Norte, Sonora es el segundo estado mexicano m\u00e1s grande despu\u00e9s de Chihuahua.<\/li><\/ul><ul><li>Hermosillo, la capital del estado, fue la capital de la naci\u00f3n durante cinco meses durante la Revoluci\u00f3n Mexicana. Tiene dos ciudades hermanas: Phoenix, Arizona, e Irvine, California, y fue escenario de... <em>Catlow<\/em>, una novela western de Louis L&#039;Amour.<\/li><\/ul><ul><li>Algunos de los atletas mexicanos m\u00e1s famosos de la historia son de Sonora, entre ellos Fernando Valenzuela (b\u00e9isbol), Julio C\u00e9sar Ch\u00e1vez (boxeo) y Ana Gabriela Guevara (atletismo).<\/li><\/ul><ul><li>Los estilos musicales m\u00e1s populares en Sonora son las rancheras (cuentos de amores perdidos), los corridos (largos poemas narrativos) y los huapangos (canciones r\u00edtmicas que suelen interpretarse en las corridas de toros).<\/li><\/ul><h2>Lugares de inter\u00e9s<\/h2><p><strong>Reservas naturales<\/strong><br \/>A poca distancia de Punta Chueca, Sonora, se extiende la Isla Tibur\u00f3n, la isla m\u00e1s grande de M\u00e9xico. Deshabitada, la isla fue declarada reserva natural en 1963 por el presidente L\u00f3pez Mateos y alberga la mayor diversidad de especies vegetales y animales del Golfo de California. La isla alberga una gran variedad de aves residentes y migratorias, as\u00ed como borregos cimarrones del desierto y ciervos bura. Entre las especies protegidas se encuentran una gran variedad de reptiles y tortugas del desierto.<\/p><p>Otro sitio natural en Sonora es el arroyo Cuchujaqui. Esta reserva ecol\u00f3gica es una de las zonas subtropicales m\u00e1s importantes del hemisferio norte. Debido a su ubicaci\u00f3n, Cuchujaqui atrae a cientos de aves migratorias cada a\u00f1o y es objeto de estudio e inter\u00e9s internacional.<\/p><p><strong>Ruta de las Misiones<\/strong><br \/>La Ruta de las Misiones atrae a miles de viajeros cada a\u00f1o. Los visitantes pueden seguir los mismos senderos que recorri\u00f3 el padre Eusebio Francisco Kino, el sacerdote cat\u00f3lico que fund\u00f3 las primeras misiones de Sonora en 1687. Con una duraci\u00f3n de al menos tres d\u00edas, la Ruta de las Misiones atraviesa el desierto, donde se construyeron la mayor\u00eda de las misiones originales. Una misi\u00f3n del siglo XIX, Tabutama, se estableci\u00f3 pr\u00e1cticamente en medio del desierto.<\/p><p>Fuente: <a href=\"https:\/\/www.history.com\/topics\/mexico\/sonora\" target=\"_blank\" rel=\"noopener\">https:\/\/www.history.com\/topics\/mexico\/sonora<\/a><\/p>\t\t\t\t\t\t\t\t<\/div>\n\t\t\t\t<\/div>\n\t\t\t\t\t<\/div>\n\t\t<\/div>\n\t\t\t\t\t<\/div>\n\t\t<\/section>\n\t\t\t\t<\/div>","protected":false},"excerpt":{"rendered":"<p>THE HISTORY OF SONORA Sonora, the second largest state in Mexico, is sparsely populated. Mountainous and arid, the region is sunny almost year\u2013round and has little rainfall. Nearly all of Mexico\u2019s copper is produced here. Culturally, Sonora offers a unique blend. Ancient societies\u2013such as the Yaquis, Mayos and Cucapas\u2013remain active in the state. Bordered by [&hellip;]<\/p>\n","protected":false},"author":1,"featured_media":0,"parent":0,"menu_order":0,"comment_status":"closed","ping_status":"closed","template":"elementor_header_footer","meta":{"footnotes":""},"class_list":["post-1028","page","type-page","status-publish","hentry"],"_links":{"self":[{"href":"https:\/\/sonorarally.com\/es\/wp-json\/wp\/v2\/pages\/1028","targetHints":{"allow":["GET"]}}],"collection":[{"href":"https:\/\/sonorarally.com\/es\/wp-json\/wp\/v2\/pages"}],"about":[{"href":"https:\/\/sonorarally.com\/es\/wp-json\/wp\/v2\/types\/page"}],"author":[{"embeddable":true,"href":"https:\/\/sonorarally.com\/es\/wp-json\/wp\/v2\/users\/1"}],"replies":[{"embeddable":true,"href":"https:\/\/sonorarally.com\/es\/wp-json\/wp\/v2\/comments?post=1028"}],"version-history":[{"count":11,"href":"https:\/\/sonorarally.com\/es\/wp-json\/wp\/v2\/pages\/1028\/revisions"}],"predecessor-version":[{"id":2995,"href":"https:\/\/sonorarally.com\/es\/wp-json\/wp\/v2\/pages\/1028\/revisions\/2995"}],"wp:attachment":[{"href":"https:\/\/sonorarally.com\/es\/wp-json\/wp\/v2\/media?parent=1028"}],"curies":[{"name":"wp","href":"https:\/\/api.w.org\/{rel}","templated":true}]}}