{"id":1016,"date":"2020-03-11T20:31:09","date_gmt":"2020-03-11T20:31:09","guid":{"rendered":"https:\/\/sonorarally.com\/?page_id=1016"},"modified":"2025-02-19T10:51:30","modified_gmt":"2025-02-19T18:51:30","slug":"the-logo-2","status":"publish","type":"page","link":"https:\/\/sonorarally.com\/es\/the-logo-2\/","title":{"rendered":"El logotipo"},"content":{"rendered":"<div data-elementor-type=\"wp-page\" data-elementor-id=\"1016\" class=\"elementor elementor-1016\" data-elementor-post-type=\"page\">\n\t\t\t\t\t\t<section class=\"elementor-section elementor-top-section elementor-element elementor-element-55610f23 elementor-section-boxed elementor-section-height-default elementor-section-height-default\" data-id=\"55610f23\" data-element_type=\"section\" data-e-type=\"section\">\n\t\t\t\t\t\t<div class=\"elementor-container elementor-column-gap-default\">\n\t\t\t\t\t<div class=\"elementor-column elementor-col-100 elementor-top-column elementor-element elementor-element-49332c39\" data-id=\"49332c39\" data-element_type=\"column\" data-e-type=\"column\">\n\t\t\t<div class=\"elementor-widget-wrap elementor-element-populated\">\n\t\t\t\t\t\t<div class=\"elementor-element elementor-element-19902c44 elementor-widget elementor-widget-text-editor\" data-id=\"19902c44\" data-element_type=\"widget\" data-e-type=\"widget\" data-widget_type=\"text-editor.default\">\n\t\t\t\t<div class=\"elementor-widget-container\">\n\t\t\t\t\t\t\t\t\t<p>EL LOGOTIPO<\/p>\t\t\t\t\t\t\t\t<\/div>\n\t\t\t\t<\/div>\n\t\t\t\t\t<\/div>\n\t\t<\/div>\n\t\t\t\t\t<\/div>\n\t\t<\/section>\n\t\t\t\t<section class=\"elementor-section elementor-top-section elementor-element elementor-element-6f015bb0 elementor-section-boxed elementor-section-height-default elementor-section-height-default\" data-id=\"6f015bb0\" data-element_type=\"section\" data-e-type=\"section\">\n\t\t\t\t\t\t<div class=\"elementor-container elementor-column-gap-default\">\n\t\t\t\t\t<div class=\"elementor-column elementor-col-100 elementor-top-column elementor-element elementor-element-41751b36\" data-id=\"41751b36\" data-element_type=\"column\" data-e-type=\"column\">\n\t\t\t<div class=\"elementor-widget-wrap elementor-element-populated\">\n\t\t\t\t\t\t<div class=\"elementor-element elementor-element-6b4aa0a4 elementor-widget elementor-widget-text-editor\" data-id=\"6b4aa0a4\" data-element_type=\"widget\" data-e-type=\"widget\" data-widget_type=\"text-editor.default\">\n\t\t\t\t<div class=\"elementor-widget-container\">\n\t\t\t\t\t\t\t\t\t<h2>Acerca del logotipo del Sonora Rally<\/h2><p><em>La Danza del Venado \u2013 Danza del Venado<\/em><\/p><p>El logotipo del Rally Sonora rinde homenaje a la Danza del Venado Yaqui y Mayo (Yoreme). Se trata de una danza nativa de Sonora. Los bailarines recrean una dram\u00e1tica cacer\u00eda de venados para honrar la naturaleza y al venado cola blanca, quienes les proveen pr\u00e1cticamente todas sus necesidades. La Danza del Venado es una de las danzas m\u00e1s populares en M\u00e9xico hoy en d\u00eda. Debido a que los pueblos yaqui y mayo lucharon valientemente para preservar su tierra y cultura durante la conquista espa\u00f1ola de M\u00e9xico, la Danza del Venado no tiene influencia europea y ha cambiado muy poco a lo largo de los siglos. Esta danza nativa mexicana es muy respetada por sus cualidades rituales, primigenias y espirituales. Es un poderoso s\u00edmbolo del orgullo sonorense que quer\u00edamos compartir.<\/p>\t\t\t\t\t\t\t\t<\/div>\n\t\t\t\t<\/div>\n\t\t\t\t\t<\/div>\n\t\t<\/div>\n\t\t\t\t\t<\/div>\n\t\t<\/section>\n\t\t\t\t<section class=\"elementor-section elementor-top-section elementor-element elementor-element-5c99189 elementor-section-boxed elementor-section-height-default elementor-section-height-default\" data-id=\"5c99189\" data-element_type=\"section\" data-e-type=\"section\">\n\t\t\t\t\t\t<div class=\"elementor-container elementor-column-gap-default\">\n\t\t\t\t\t<div class=\"elementor-column elementor-col-100 elementor-top-column elementor-element elementor-element-3ba1db9\" data-id=\"3ba1db9\" data-element_type=\"column\" data-e-type=\"column\">\n\t\t\t<div class=\"elementor-widget-wrap elementor-element-populated\">\n\t\t\t\t\t\t<div class=\"elementor-element elementor-element-4f6e513 elementor-widget elementor-widget-video\" data-id=\"4f6e513\" data-element_type=\"widget\" data-e-type=\"widget\" data-settings=\"{&quot;youtube_url&quot;:&quot;https:\\\/\\\/www.youtube.com\\\/watch?v=jTCmhhJk3mI&quot;,&quot;video_type&quot;:&quot;youtube&quot;}\" data-widget_type=\"video.default\">\n\t\t\t\t<div class=\"elementor-widget-container\">\n\t\t\t\t\t\t\t<div class=\"elementor-wrapper elementor-open-inline\">\n\t\t\t<div class=\"elementor-video\"><\/div>\t\t<\/div>\n\t\t\t\t\t\t<\/div>\n\t\t\t\t<\/div>\n\t\t\t\t<div class=\"elementor-element elementor-element-6139dc2 elementor-widget elementor-widget-video\" data-id=\"6139dc2\" data-element_type=\"widget\" data-e-type=\"widget\" data-settings=\"{&quot;youtube_url&quot;:&quot;https:\\\/\\\/www.youtube.com\\\/watch?v=HH01xb-8aTI&quot;,&quot;video_type&quot;:&quot;youtube&quot;}\" data-widget_type=\"video.default\">\n\t\t\t\t<div class=\"elementor-widget-container\">\n\t\t\t\t\t\t\t<div class=\"elementor-wrapper elementor-open-inline\">\n\t\t\t<div class=\"elementor-video\"><\/div>\t\t<\/div>\n\t\t\t\t\t\t<\/div>\n\t\t\t\t<\/div>\n\t\t\t\t\t<\/div>\n\t\t<\/div>\n\t\t\t\t\t<\/div>\n\t\t<\/section>\n\t\t\t\t<section class=\"elementor-section elementor-top-section elementor-element elementor-element-6db7f6b elementor-section-boxed elementor-section-height-default elementor-section-height-default\" data-id=\"6db7f6b\" data-element_type=\"section\" data-e-type=\"section\">\n\t\t\t\t\t\t<div class=\"elementor-container elementor-column-gap-default\">\n\t\t\t\t\t<div class=\"elementor-column elementor-col-100 elementor-top-column elementor-element elementor-element-cc462d4\" data-id=\"cc462d4\" data-element_type=\"column\" data-e-type=\"column\">\n\t\t\t<div class=\"elementor-widget-wrap elementor-element-populated\">\n\t\t\t\t\t\t<div class=\"elementor-element elementor-element-fd1b422 elementor-widget elementor-widget-text-editor\" data-id=\"fd1b422\" data-element_type=\"widget\" data-e-type=\"widget\" data-widget_type=\"text-editor.default\">\n\t\t\t\t<div class=\"elementor-widget-container\">\n\t\t\t\t\t\t\t\t\t<p>\u00a1Gracias a Cesar por la inspiraci\u00f3n, el arte y la gran hospitalidad!<\/p>\t\t\t\t\t\t\t\t<\/div>\n\t\t\t\t<\/div>\n\t\t\t\t\t<\/div>\n\t\t<\/div>\n\t\t\t\t\t<\/div>\n\t\t<\/section>\n\t\t\t\t<\/div>","protected":false},"excerpt":{"rendered":"<p>THE LOGO About the Sonora Rally logo La Danza del Venado &#8211; Deer Dance The Sonora Rally logo honors the Yaqui and Mayo (Yoreme) Deer Dance, or La Danza del Venado. It is a native dance from Sonora. Dancers reenact a dramatic deer hunt to honor the natural world and the white tail deer, both [&hellip;]<\/p>\n","protected":false},"author":1,"featured_media":0,"parent":0,"menu_order":0,"comment_status":"closed","ping_status":"closed","template":"elementor_header_footer","meta":{"footnotes":""},"class_list":["post-1016","page","type-page","status-publish","hentry"],"_links":{"self":[{"href":"https:\/\/sonorarally.com\/es\/wp-json\/wp\/v2\/pages\/1016","targetHints":{"allow":["GET"]}}],"collection":[{"href":"https:\/\/sonorarally.com\/es\/wp-json\/wp\/v2\/pages"}],"about":[{"href":"https:\/\/sonorarally.com\/es\/wp-json\/wp\/v2\/types\/page"}],"author":[{"embeddable":true,"href":"https:\/\/sonorarally.com\/es\/wp-json\/wp\/v2\/users\/1"}],"replies":[{"embeddable":true,"href":"https:\/\/sonorarally.com\/es\/wp-json\/wp\/v2\/comments?post=1016"}],"version-history":[{"count":15,"href":"https:\/\/sonorarally.com\/es\/wp-json\/wp\/v2\/pages\/1016\/revisions"}],"predecessor-version":[{"id":3004,"href":"https:\/\/sonorarally.com\/es\/wp-json\/wp\/v2\/pages\/1016\/revisions\/3004"}],"wp:attachment":[{"href":"https:\/\/sonorarally.com\/es\/wp-json\/wp\/v2\/media?parent=1016"}],"curies":[{"name":"wp","href":"https:\/\/api.w.org\/{rel}","templated":true}]}}